{"id":30354,"date":"2023-09-21T13:15:21","date_gmt":"2023-09-21T17:15:21","guid":{"rendered":"https:\/\/cjeverdun.org\/privacy-policy-ca\/"},"modified":"2024-07-19T12:28:09","modified_gmt":"2024-07-19T16:28:09","slug":"privacy-policy-ca","status":"publish","type":"page","link":"https:\/\/cjeverdun.org\/en\/privacy-policy-ca\/","title":{"rendered":"Privacy Policy for Personal Information"},"content":{"rendered":"<p><div class=\"fusion-fullwidth fullwidth-box fusion-builder-row-1 fusion-flex-container has-pattern-background has-mask-background nonhundred-percent-fullwidth non-hundred-percent-height-scrolling\" style=\"--awb-border-radius-top-left:0px;--awb-border-radius-top-right:0px;--awb-border-radius-bottom-right:0px;--awb-border-radius-bottom-left:0px;--awb-flex-wrap:wrap;\" ><div class=\"fusion-builder-row fusion-row fusion-flex-align-items-flex-start fusion-flex-content-wrap\" style=\"max-width:1420.64px;margin-left: calc(-4% \/ 2 );margin-right: calc(-4% \/ 2 );\"><div class=\"fusion-layout-column fusion_builder_column fusion-builder-column-0 fusion_builder_column_1_1 1_1 fusion-flex-column\" style=\"--awb-bg-size:cover;--awb-width-large:100%;--awb-margin-top-large:0px;--awb-spacing-right-large:1.92%;--awb-margin-bottom-large:20px;--awb-spacing-left-large:1.92%;--awb-width-medium:100%;--awb-order-medium:0;--awb-spacing-right-medium:1.92%;--awb-spacing-left-medium:1.92%;--awb-width-small:100%;--awb-order-small:0;--awb-spacing-right-small:1.92%;--awb-spacing-left-small:1.92%;\"><div class=\"fusion-column-wrapper fusion-column-has-shadow fusion-flex-justify-content-flex-start fusion-content-layout-column\"><div class=\"fusion-title title fusion-title-1 fusion-sep-none fusion-title-center fusion-title-text fusion-title-size-one\" style=\"--awb-text-color:var(--awb-color2);--awb-margin-top:60px;--awb-margin-bottom:60px;--awb-margin-top-small:10px;--awb-margin-right-small:0px;--awb-margin-bottom-small:10px;--awb-margin-left-small:0px;--awb-font-size:32px;\"><h1 class=\"fusion-title-heading title-heading-center\" style=\"font-family:&quot;Montserrat&quot;;font-style:normal;font-weight:500;margin:0;font-size:1em;\">Privacy Policy for Personal Information<\/h1><\/div><\/div><\/div><\/div><\/div><div class=\"fusion-fullwidth fullwidth-box fusion-builder-row-2 fusion-flex-container has-pattern-background has-mask-background nonhundred-percent-fullwidth non-hundred-percent-height-scrolling\" style=\"--awb-border-radius-top-left:0px;--awb-border-radius-top-right:0px;--awb-border-radius-bottom-right:0px;--awb-border-radius-bottom-left:0px;--awb-padding-bottom:70px;--awb-flex-wrap:wrap;\" ><div class=\"fusion-builder-row fusion-row fusion-flex-align-items-center fusion-flex-justify-content-center fusion-flex-content-wrap\" style=\"max-width:1420.64px;margin-left: calc(-4% \/ 2 );margin-right: calc(-4% \/ 2 );\"><div class=\"fusion-layout-column fusion_builder_column fusion-builder-column-1 fusion_builder_column_2_3 2_3 fusion-flex-column\" style=\"--awb-bg-size:cover;--awb-width-large:66.666666666667%;--awb-margin-top-large:0px;--awb-spacing-right-large:2.88%;--awb-margin-bottom-large:0px;--awb-spacing-left-large:2.88%;--awb-width-medium:66.666666666667%;--awb-spacing-right-medium:2.88%;--awb-spacing-left-medium:2.88%;--awb-width-small:100%;--awb-spacing-right-small:1.92%;--awb-spacing-left-small:1.92%;\"><div class=\"fusion-column-wrapper fusion-flex-justify-content-flex-start fusion-content-layout-column\"><div class=\"fusion-text fusion-text-1\"><p>The CJE Verdun strictly complies with Quebec&#8217;s Law 25 regarding personal data protection.<\/p>\n<p>The purpose of this privacy policy is to inform users of our website cjeverdun.org and the clients of CJE Verdun about the personal data we collect and how we use it. We also detail our commitment and the measures taken to ensure the security of your personal information.<\/p>\n<p>For the purposes of this policy, &#8220;personal information&#8221; means any information about an individual that can be used to identify them.<\/p>\n<h3>Personal Data Collected<\/h3>\n<p>Our website, cjeverdun.org, uses cookies to collect the following information about you:<\/p>\n<p>&#8211; The Internet domain name and IP address with which you access our website;<br \/>\n&#8211; The type of browser and operating system you use;<br \/>\n&#8211; The date and time you access our site;<br \/>\n&#8211; The different pages you visit on the site and the duration of your visits.<\/p>\n<p>You may be asked to provide personal information if, through the website, you wish to:<\/p>\n<p>&#8211; Send us a message;<br \/>\n&#8211; Apply for membership;<br \/>\n&#8211; Register for our services;<br \/>\n&#8211; Submit a service offer;<br \/>\n&#8211; Subscribe to our newsletter.<\/p>\n<p>Personal information collected from CJE may include:<\/p>\n<p>&#8211; Your first and last name;<br \/>\n&#8211; Your mailing address;<br \/>\n&#8211; Your email address;<br \/>\n&#8211; Your date of birth or age;<br \/>\n&#8211; Your phone number;<br \/>\n&#8211; Your social insurance number.<\/p>\n<h3>Uses of Personal Information<\/h3>\n<p>The information collected is used to:<\/p>\n<p>&#8211; Respond to a message sent via the website cjeverdun.org;<br \/>\n&#8211; Verify the eligibility of a member or client;<br \/>\n&#8211; Open a client file at CJE;<br \/>\n&#8211; Provide a service to CJE clients;<br \/>\n&#8211; Send targeted communications via our newsletter to CJE members;<br \/>\n&#8211; Report to funding agencies;<br \/>\n&#8211; Improve the design of our website.<\/p>\n<p>As part of providing services, we may choose to share your personal information with government agencies or other partners collaborating with CJE. In such cases, your consent will be requested.<\/p>\n<h3>Consent<\/h3>\n<p>Except as required by law or in the case of legal proceedings, personal information is collected only with your express, free, and informed consent for the uses defined above. Generally, CJE Verdun staff will collect personal information directly from you. Your consent is implied when you provide personal information via our website, whether to send us a message, join CJE as a member, or subscribe to the newsletter.<\/p>\n<h3>Data Security Protocols<\/h3>\n<p>When you browse our website, your data is stored in a secure and controlled environment. Whether you are a visitor to our website or a client of CJE Verdun, we are committed not to sell or share any of your personal data with third parties, except as required by law or in the case of legal proceedings. Your personal information is retained for the period required by law and used for the purposes for which it was collected. After the retention period, your personal information is permanently destroyed or anonymized. In the event of a data breach, we are committed to informing you and reporting it to the Commission d&#8217;acc\u00e8s \u00e0 l&#8217;information du Qu\u00e9bec.<\/p>\n<h3>Conditions of Access, Correction, and Withdrawal<\/h3>\n<p>You can request to view the personal information we hold about you. To do so, contact our personal data protection officer (contact details below). If there are any changes to your personal information, contact our personal data protection officer (contact details below). When you access the website, you have the right to object to the use of your data by disabling cookies. However, some features require data collection for technical purposes and solely to optimize navigation.<\/p>\n<h3>Person Responsible for the Application of the Privacy Policy for Personal Information<\/h3>\n<p>The general management of CJE Verdun is responsible for implementing this Privacy Policy for personal information. For any questions regarding the processing or updating of your personal information, or to express a concern in this regard, please email <span \n                data-original-string='eVyi0wvyltZtWNyAwjNMiQ==7f91MnZw6r5d9yBygCDtWcwh\/rHZvFWlduDHipgLs2jTWc='\n                class='apbct-email-encoder'\n                title='This contact has been encoded by Anti-Spam by CleanTalk. Click to decode. To finish the decoding make sure that JavaScript is enabled in your browser.'>jf<span class=\"apbct-blur\">*****<\/span>@<span class=\"apbct-blur\">*******<\/span>un.org<\/span> or call 514 767-9971, extension 220. The personal data protection officer will contact you within thirty (30) days of receiving your email.<\/p>\n<h3>Updating the Above Policy<\/h3>\n<p>We reserve the right to modify the content of this privacy policy at any time. We invite you to review it periodically to stay informed about how we handle personal information.<\/p>\n<p>This version was updated on April 11, 2024.<\/p>\n<h3>Annex<\/h3>\n<p><strong>WPML<\/strong><\/p>\n<p>WPML utilise des cookies pour identifier la langue actuelle du visiteur, la derni\u00e8re langue visit\u00e9e et la langue des utilisateurs qui se sont connect\u00e9s. Lorsque vous utilisez le plugin, WPML partage des donn\u00e9es concernant le site par l&#8217;interm\u00e9diaire d&#8217;Installer. Aucune donn\u00e9e concernant l&#8217;utilisateur lui-m\u00eame ne sera partag\u00e9e.<\/p>\n<p><strong>WPML Media Translation<\/strong><\/p>\n<p>WPML Media Translation enverra l&#8217;adresse email et le nom de chaque responsable et traducteur assign\u00e9 ainsi que le contenu lui-m\u00eame \u00e0 Advanced Translation Editor et aux services de traduction utilis\u00e9s.<\/p>\n<p><strong>WPML Translation Management<\/strong><\/p>\n<p>La gestion des traductions WPML enverra l&#8217;adresse email et le nom de chaque manager et traducteur assign\u00e9 ainsi que le contenu lui-m\u00eame \u00e0 l&#8217;\u00e9diteur de traduction avanc\u00e9 et aux services de traduction utilis\u00e9s.<\/p>\n<p><strong>WPML String Translation<\/strong><\/p>\n<p>WPML String Translation enverra toutes les cha\u00eenes de caract\u00e8res \u00e0 l&#8217;\u00e9diteur de traduction avanc\u00e9 de WPML et aux services de traduction utilis\u00e9s.<\/p>\n<p><strong>Burst Statistics<\/strong><\/p>\n<p>Ce site web utilise Burst Statistics, un outil statistique respectueux de la confidentialit\u00e9, pour analyser le comportement des visiteurs. Pour cette fonctionnalit\u00e9, nous (ce site web) recueillons des donn\u00e9es anonymes, stock\u00e9es localement sans les partager avec d\u2019autres parties. Pour plus d\u2019informations, veuillez lire la <a href=\"https:\/\/burst-statistics.com\/legal\/privacy-statement-au\/\">D\u00e9claration de confidentialit\u00e9<\/a> de Burst.<\/p>\n<p><strong>Complianz | The Privacy Suite for WordPress<\/strong><\/p>\n<p>Ce site web utilise la Privacy Suite for WordPress de Complianz pour collecter les enregistrements de consentement. Pour cette fonctionnalit\u00e9, votre adresse IP est rendue anonyme et stock\u00e9e dans notre base de donn\u00e9es. Pour plus d\u2019informations, consultez la <a href=\"https:\/\/complianz.io\/privacy-statement\/\">D\u00e9claration de confidentialit\u00e9<\/a> de Complianz.<\/p>\n<p><strong>Akismet<\/strong><\/p>\n<p>Nous r\u00e9coltons des informations sur les visiteurs qui commentent sur les sites utilisant Akismet, notre service contre le pourriel. Ces informations r\u00e9colt\u00e9es d\u00e9pendent des r\u00e9glages Akismet choisis par l\u2019utilisateur sur le site et incluent g\u00e9n\u00e9ralement l\u2019adresse IP des commentateurs, l\u2019agent utilisateur, le r\u00e9f\u00e9rent et l\u2019URL du site (ainsi que d\u2019autres informations fournies directement par le commentateur comme leur nom, nom d\u2019utilisateur, adresse courriel et leur commentaire).<\/p>\n<p><strong>Loco Translate<\/strong><\/p>\n<p>Cette extension ne collecte pas de donn\u00e9es de vos visiteurs. Les administrateurs et les auditeurs peuvent consulter la <a href=\"https:\/\/localise.biz\/wordpress\/plugin\/privacy\">politique de confidentialit\u00e9<\/a> de Loco Translate.<\/p>\n<\/div><\/div><\/div><\/div><\/div><\/p>\n","protected":false},"excerpt":{"rendered":"","protected":false},"author":104,"featured_media":0,"parent":0,"menu_order":0,"comment_status":"closed","ping_status":"closed","template":"100-width.php","meta":{"footnotes":""},"class_list":["post-30354","page","type-page","status-publish","hentry"],"yoast_head":"<!-- This site is optimized with the Yoast SEO plugin v27.3 - https:\/\/yoast.com\/product\/yoast-seo-wordpress\/ -->\n<title>Privacy Policy for Personal Information - CJE de Verdun<\/title>\n<meta name=\"robots\" content=\"noindex, nofollow\" \/>\n<meta property=\"og:locale\" content=\"en_US\" \/>\n<meta property=\"og:type\" content=\"article\" \/>\n<meta property=\"og:title\" content=\"Privacy Policy for Personal Information - CJE de Verdun\" \/>\n<meta property=\"og:url\" content=\"https:\/\/cjeverdun.org\/en\/privacy-policy-ca\/\" \/>\n<meta property=\"og:site_name\" content=\"CJE de Verdun\" \/>\n<meta property=\"article:modified_time\" content=\"2024-07-19T16:28:09+00:00\" \/>\n<meta property=\"og:image\" content=\"https:\/\/cjeverdun.org\/wp-content\/uploads\/2023\/07\/Colors-Stories-IG-4-e1688741537121.png\" \/>\n\t<meta property=\"og:image:width\" content=\"600\" \/>\n\t<meta property=\"og:image:height\" content=\"600\" \/>\n\t<meta property=\"og:image:type\" content=\"image\/png\" \/>\n<meta name=\"twitter:card\" content=\"summary_large_image\" \/>\n<script type=\"application\/ld+json\" class=\"yoast-schema-graph\">{\"@context\":\"https:\\\/\\\/schema.org\",\"@graph\":[{\"@type\":\"WebPage\",\"@id\":\"https:\\\/\\\/cjeverdun.org\\\/en\\\/privacy-policy-ca\\\/\",\"url\":\"https:\\\/\\\/cjeverdun.org\\\/en\\\/privacy-policy-ca\\\/\",\"name\":\"Privacy Policy for Personal Information - CJE de Verdun\",\"isPartOf\":{\"@id\":\"https:\\\/\\\/cjeverdun.org\\\/en\\\/#website\"},\"datePublished\":\"2023-09-21T17:15:21+00:00\",\"dateModified\":\"2024-07-19T16:28:09+00:00\",\"breadcrumb\":{\"@id\":\"https:\\\/\\\/cjeverdun.org\\\/en\\\/privacy-policy-ca\\\/#breadcrumb\"},\"inLanguage\":\"en-US\",\"potentialAction\":[{\"@type\":\"ReadAction\",\"target\":[\"https:\\\/\\\/cjeverdun.org\\\/en\\\/privacy-policy-ca\\\/\"]}]},{\"@type\":\"BreadcrumbList\",\"@id\":\"https:\\\/\\\/cjeverdun.org\\\/en\\\/privacy-policy-ca\\\/#breadcrumb\",\"itemListElement\":[{\"@type\":\"ListItem\",\"position\":1,\"name\":\"Accueil\",\"item\":\"https:\\\/\\\/cjeverdun.org\\\/en\\\/\"},{\"@type\":\"ListItem\",\"position\":2,\"name\":\"Privacy Policy for Personal Information\"}]},{\"@type\":\"WebSite\",\"@id\":\"https:\\\/\\\/cjeverdun.org\\\/en\\\/#website\",\"url\":\"https:\\\/\\\/cjeverdun.org\\\/en\\\/\",\"name\":\"CJE de Verdun\",\"description\":\"Au service de l\u2019emploi \u00e0 Verdun\",\"potentialAction\":[{\"@type\":\"SearchAction\",\"target\":{\"@type\":\"EntryPoint\",\"urlTemplate\":\"https:\\\/\\\/cjeverdun.org\\\/en\\\/?s={search_term_string}\"},\"query-input\":{\"@type\":\"PropertyValueSpecification\",\"valueRequired\":true,\"valueName\":\"search_term_string\"}}],\"inLanguage\":\"en-US\"}]}<\/script>\n<!-- \/ Yoast SEO plugin. -->","yoast_head_json":{"title":"Privacy Policy for Personal Information - CJE de Verdun","robots":{"index":"noindex","follow":"nofollow"},"og_locale":"en_US","og_type":"article","og_title":"Privacy Policy for Personal Information - CJE de Verdun","og_url":"https:\/\/cjeverdun.org\/en\/privacy-policy-ca\/","og_site_name":"CJE de Verdun","article_modified_time":"2024-07-19T16:28:09+00:00","og_image":[{"width":600,"height":600,"url":"https:\/\/cjeverdun.org\/wp-content\/uploads\/2023\/07\/Colors-Stories-IG-4-e1688741537121.png","type":"image\/png"}],"twitter_card":"summary_large_image","schema":{"@context":"https:\/\/schema.org","@graph":[{"@type":"WebPage","@id":"https:\/\/cjeverdun.org\/en\/privacy-policy-ca\/","url":"https:\/\/cjeverdun.org\/en\/privacy-policy-ca\/","name":"Privacy Policy for Personal Information - CJE de Verdun","isPartOf":{"@id":"https:\/\/cjeverdun.org\/en\/#website"},"datePublished":"2023-09-21T17:15:21+00:00","dateModified":"2024-07-19T16:28:09+00:00","breadcrumb":{"@id":"https:\/\/cjeverdun.org\/en\/privacy-policy-ca\/#breadcrumb"},"inLanguage":"en-US","potentialAction":[{"@type":"ReadAction","target":["https:\/\/cjeverdun.org\/en\/privacy-policy-ca\/"]}]},{"@type":"BreadcrumbList","@id":"https:\/\/cjeverdun.org\/en\/privacy-policy-ca\/#breadcrumb","itemListElement":[{"@type":"ListItem","position":1,"name":"Accueil","item":"https:\/\/cjeverdun.org\/en\/"},{"@type":"ListItem","position":2,"name":"Privacy Policy for Personal Information"}]},{"@type":"WebSite","@id":"https:\/\/cjeverdun.org\/en\/#website","url":"https:\/\/cjeverdun.org\/en\/","name":"CJE de Verdun","description":"Au service de l\u2019emploi \u00e0 Verdun","potentialAction":[{"@type":"SearchAction","target":{"@type":"EntryPoint","urlTemplate":"https:\/\/cjeverdun.org\/en\/?s={search_term_string}"},"query-input":{"@type":"PropertyValueSpecification","valueRequired":true,"valueName":"search_term_string"}}],"inLanguage":"en-US"}]}},"_links":{"self":[{"href":"https:\/\/cjeverdun.org\/en\/wp-json\/wp\/v2\/pages\/30354","targetHints":{"allow":["GET"]}}],"collection":[{"href":"https:\/\/cjeverdun.org\/en\/wp-json\/wp\/v2\/pages"}],"about":[{"href":"https:\/\/cjeverdun.org\/en\/wp-json\/wp\/v2\/types\/page"}],"author":[{"embeddable":true,"href":"https:\/\/cjeverdun.org\/en\/wp-json\/wp\/v2\/users\/104"}],"replies":[{"embeddable":true,"href":"https:\/\/cjeverdun.org\/en\/wp-json\/wp\/v2\/comments?post=30354"}],"version-history":[{"count":0,"href":"https:\/\/cjeverdun.org\/en\/wp-json\/wp\/v2\/pages\/30354\/revisions"}],"wp:attachment":[{"href":"https:\/\/cjeverdun.org\/en\/wp-json\/wp\/v2\/media?parent=30354"}],"curies":[{"name":"wp","href":"https:\/\/api.w.org\/{rel}","templated":true}]}}